{"id":386,"date":"2022-09-12T09:45:32","date_gmt":"2022-09-12T07:45:32","guid":{"rendered":"https:\/\/musikverein-butzweiler.de\/?page_id=386"},"modified":"2025-11-06T21:49:13","modified_gmt":"2025-11-06T19:49:13","slug":"kirmes-2022","status":"publish","type":"page","link":"https:\/\/musikverein-butzweiler.de\/?page_id=386","title":{"rendered":"Weihnachtsfeier 2025"},"content":{"rendered":"\n<div data-wp-interactive=\"core\/file\" class=\"wp-block-file\"><object data-wp-bind--hidden=\"!state.hasPdfPreview\" hidden class=\"wp-block-file__embed\" data=\"https:\/\/musikverein-butzweiler.de\/wp-content\/uploads\/2025\/11\/EINLADUNGEN_Weihnachtsfeier_2025.pdf\" type=\"application\/pdf\" style=\"width:100%;height:1140px\" aria-label=\"Einbettung von EINLADUNGEN_Weihnachtsfeier_2025.\"><\/object><a id=\"wp-block-file--media-c5b6486f-8702-4d6f-9b2c-b2eeb4f91408\" href=\"https:\/\/musikverein-butzweiler.de\/wp-content\/uploads\/2025\/11\/EINLADUNGEN_Weihnachtsfeier_2025.pdf\">EINLADUNGEN_Weihnachtsfeier_2025<\/a><a href=\"https:\/\/musikverein-butzweiler.de\/wp-content\/uploads\/2025\/11\/EINLADUNGEN_Weihnachtsfeier_2025.pdf\" class=\"wp-block-file__button wp-element-button\" download aria-describedby=\"wp-block-file--media-c5b6486f-8702-4d6f-9b2c-b2eeb4f91408\">Herunterladen<\/a><\/div>\n\n\n<div class=\"forminator-ui forminator-custom-form forminator-custom-form-389 forminator-design--default  forminator_ajax\" data-forminator-render=\"0\" data-form=\"forminator-module-389\" data-uid=\"69f882b49cd76\"><br\/><\/div><form\n\t\t\t\tid=\"forminator-module-389\"\n\t\t\t\tclass=\"forminator-ui forminator-custom-form forminator-custom-form-389 forminator-design--default  forminator_ajax\"\n\t\t\t\tmethod=\"post\"\n\t\t\t\tdata-forminator-render=\"0\"\n\t\t\t\tdata-form-id=\"389\"\n\t\t\t\t data-color-option=\"default\" data-design=\"default\" data-grid=\"open\" style=\"display: none;\"\n\t\t\t\tdata-uid=\"69f882b49cd76\"\n\t\t\t><div role=\"alert\" aria-live=\"polite\" class=\"forminator-response-message forminator-error\" aria-hidden=\"true\"><\/div><div class=\"forminator-row\"><div id=\"number-1\" class=\"forminator-field-number forminator-col forminator-col-12 \"><div class=\"forminator-field\"><label for=\"forminator-field-number-1_69f882b49cd76\" id=\"forminator-field-number-1_69f882b49cd76-label\" class=\"forminator-label\">Anzahl Personen<\/label><input name=\"number-1\" value=\"1\" placeholder=\"z.B. 4\" id=\"forminator-field-number-1_69f882b49cd76\" class=\"forminator-input forminator-number--field\" inputmode=\"decimal\" data-required=\"\" data-decimals=\"0\" aria-required=\"false\" data-inputmask=\"&#039;groupSeparator&#039;: &#039;&#039;, &#039;radixPoint&#039;: &#039;&#039;, &#039;digits&#039;: &#039;0&#039;\" type=\"number\" step=\"any\" min=\"1\" max=\"150\" \/><\/div><\/div><\/div><div class=\"forminator-row\"><div id=\"number-2\" class=\"forminator-field-number forminator-col forminator-col-12 \"><div class=\"forminator-field\"><label for=\"forminator-field-number-2_69f882b49cd76\" id=\"forminator-field-number-2_69f882b49cd76-label\" class=\"forminator-label\">Davon Kinder<\/label><input name=\"number-2\" value=\"o\" placeholder=\"z.\u00a0B. 1\" id=\"forminator-field-number-2_69f882b49cd76\" class=\"forminator-input forminator-number--field\" inputmode=\"decimal\" data-required=\"\" data-decimals=\"0\" aria-required=\"false\" data-inputmask=\"&#039;groupSeparator&#039;: &#039;&#039;, &#039;radixPoint&#039;: &#039;&#039;, &#039;digits&#039;: &#039;0&#039;\" data-hidden-behavior=\"zero\" type=\"number\" step=\"any\" min=\"0\" max=\"150\" \/><\/div><\/div><\/div><div class=\"forminator-row\"><div id=\"name-1\" class=\"forminator-field-name forminator-col forminator-col-12 \"><div class=\"forminator-row forminator-no-margin\" data-multiple=\"true\"><div class=\"forminator-col forminator-col-md-6\"><div class=\"forminator-field\"><label for=\"forminator-field-first-name-1_69f882b49cd76\" id=\"forminator-field-first-name-1_69f882b49cd76-label\" class=\"forminator-label\">Vorname <span class=\"forminator-required\">*<\/span><\/label><input type=\"text\" name=\"name-1-first-name\" placeholder=\"z.B. Max\" id=\"forminator-field-first-name-1_69f882b49cd76\" class=\"forminator-input\" aria-required=\"true\" data-multi=\"1\" autocomplete=\"given-name\" value=\"\" \/><\/div><\/div><div class=\"forminator-col forminator-col-md-6\"><div class=\"forminator-field\"><label for=\"forminator-field-last-name-1_69f882b49cd76\" id=\"forminator-field-last-name-1_69f882b49cd76-label\" class=\"forminator-label\">Nachname <span class=\"forminator-required\">*<\/span><\/label><input type=\"text\" name=\"name-1-last-name\" placeholder=\"z.B. Kimmlingen\" id=\"forminator-field-last-name-1_69f882b49cd76\" class=\"forminator-input\" aria-required=\"true\" data-multi=\"1\" autocomplete=\"family-name\" value=\"\" \/><\/div><\/div><\/div><\/div><\/div><div class=\"forminator-row\"><div id=\"email-1\" class=\"forminator-field-email forminator-col forminator-col-12 \"><div class=\"forminator-field\"><label for=\"forminator-field-email-1_69f882b49cd76\" id=\"forminator-field-email-1_69f882b49cd76-label\" class=\"forminator-label\">Email Adresse <span class=\"forminator-required\">*<\/span><\/label><input type=\"email\" name=\"email-1\" value=\"\" placeholder=\"z.B. max@kimmlingen.com\" id=\"forminator-field-email-1_69f882b49cd76\" class=\"forminator-input forminator-email--field\" data-required=\"1\" aria-required=\"true\" autocomplete=\"email\" \/><\/div><\/div><\/div><div class=\"forminator-row\"><div id=\"textarea-1\" class=\"forminator-field-textarea forminator-col forminator-col-12 \"><div class=\"forminator-field\"><label for=\"forminator-field-textarea-1_69f882b49cd76\" id=\"forminator-field-textarea-1_69f882b49cd76-label\" class=\"forminator-label\">Text<\/label><textarea name=\"textarea-1\" placeholder=\"Guten Tag, \nhiermit melde ich mich und ggfs. meine Familie f\u00fcr die Weihnachtsfeier am 13.12. an. \nLiebe Gr\u00fc\u00dfe,\" id=\"forminator-field-textarea-1_69f882b49cd76\" class=\"forminator-textarea\" rows=\"6\" style=\"min-height:140px;\" >Guten Tag, hiermit melde ich mich und ggfs. meine Familie f\u00fcr die Weihnachtsfeier am 13.12. an. Liebe Gr\u00fc\u00dfe,<\/textarea><\/div><\/div><\/div><input type=\"hidden\" name=\"referer_url\" value=\"\" \/><div class=\"forminator-row forminator-row-last\"><div class=\"forminator-col\"><div class=\"forminator-field\"><button class=\"forminator-button forminator-button-submit\">Nachricht senden<\/button><\/div><\/div><\/div><input type=\"hidden\" id=\"forminator_nonce\" name=\"forminator_nonce\" value=\"2598bc0a7a\" \/><input type=\"hidden\" name=\"_wp_http_referer\" value=\"\/index.php?rest_route=%2Fwp%2Fv2%2Fpages%2F386\" \/><input type=\"hidden\" name=\"form_id\" value=\"389\"><input type=\"hidden\" name=\"page_id\" value=\"386\"><input type=\"hidden\" name=\"form_type\" value=\"default\"><input type=\"hidden\" name=\"current_url\" value=\"https:\/\/musikverein-butzweiler.de\/?page_id=386\"><input type=\"hidden\" name=\"render_id\" value=\"0\"><input type=\"hidden\" name=\"action\" value=\"forminator_submit_form_custom-forms\"><\/form>\n","protected":false},"excerpt":{"rendered":"","protected":false},"author":1,"featured_media":0,"parent":0,"menu_order":0,"comment_status":"closed","ping_status":"closed","template":"","meta":{"ngg_post_thumbnail":0,"footnotes":""},"class_list":["post-386","page","type-page","status-publish","hentry"],"_links":{"self":[{"href":"https:\/\/musikverein-butzweiler.de\/index.php?rest_route=\/wp\/v2\/pages\/386","targetHints":{"allow":["GET"]}}],"collection":[{"href":"https:\/\/musikverein-butzweiler.de\/index.php?rest_route=\/wp\/v2\/pages"}],"about":[{"href":"https:\/\/musikverein-butzweiler.de\/index.php?rest_route=\/wp\/v2\/types\/page"}],"author":[{"embeddable":true,"href":"https:\/\/musikverein-butzweiler.de\/index.php?rest_route=\/wp\/v2\/users\/1"}],"replies":[{"embeddable":true,"href":"https:\/\/musikverein-butzweiler.de\/index.php?rest_route=%2Fwp%2Fv2%2Fcomments&post=386"}],"version-history":[{"count":14,"href":"https:\/\/musikverein-butzweiler.de\/index.php?rest_route=\/wp\/v2\/pages\/386\/revisions"}],"predecessor-version":[{"id":535,"href":"https:\/\/musikverein-butzweiler.de\/index.php?rest_route=\/wp\/v2\/pages\/386\/revisions\/535"}],"wp:attachment":[{"href":"https:\/\/musikverein-butzweiler.de\/index.php?rest_route=%2Fwp%2Fv2%2Fmedia&parent=386"}],"curies":[{"name":"wp","href":"https:\/\/api.w.org\/{rel}","templated":true}]}}